{"id":9,"date":"2023-08-23T16:04:32","date_gmt":"2023-08-23T19:04:32","guid":{"rendered":"https:\/\/bellastillos.com.br\/site\/?page_id=9"},"modified":"2024-01-26T15:20:50","modified_gmt":"2024-01-26T18:20:50","slug":"contato","status":"publish","type":"page","link":"https:\/\/bellastillos.com.br\/site\/","title":{"rendered":"Contato"},"content":{"rendered":"\t\t<div data-elementor-type=\"wp-page\" data-elementor-id=\"9\" class=\"elementor elementor-9\">\n\t\t\t\t<div class=\"elementor-element elementor-element-ad4db11 e-flex e-con-boxed e-con e-parent\" data-id=\"ad4db11\" data-element_type=\"container\" data-e-type=\"container\" data-settings=\"{&quot;background_background&quot;:&quot;classic&quot;}\">\n\t\t\t\t\t<div class=\"e-con-inner\">\n\t\t<div class=\"elementor-element elementor-element-aa85bd3 e-con-full e-flex e-con e-child\" data-id=\"aa85bd3\" data-element_type=\"container\" data-e-type=\"container\">\n\t\t\t\t<div class=\"elementor-element elementor-element-57e191d elementor-widget elementor-widget-image\" data-id=\"57e191d\" data-element_type=\"widget\" data-e-type=\"widget\" data-widget_type=\"image.default\">\n\t\t\t\t<div class=\"elementor-widget-container\">\n\t\t\t\t\t\t\t\t\t\t\t\t\t\t\t<img fetchpriority=\"high\" decoding=\"async\" width=\"643\" height=\"171\" src=\"https:\/\/bellastillos.com.br\/site\/wp-content\/uploads\/2024\/01\/logo-1-tapecaria-bella-stillos.png\" class=\"attachment-large size-large wp-image-19\" alt=\"\" srcset=\"https:\/\/bellastillos.com.br\/site\/wp-content\/uploads\/2024\/01\/logo-1-tapecaria-bella-stillos.png 643w, https:\/\/bellastillos.com.br\/site\/wp-content\/uploads\/2024\/01\/logo-1-tapecaria-bella-stillos-300x80.png 300w\" sizes=\"(max-width: 643px) 100vw, 643px\" \/>\t\t\t\t\t\t\t\t\t\t\t\t\t\t\t<\/div>\n\t\t\t\t<\/div>\n\t\t\t\t<\/div>\n\t\t<div class=\"elementor-element elementor-element-2cbc573 e-con-full e-flex e-con e-child\" data-id=\"2cbc573\" data-element_type=\"container\" data-e-type=\"container\">\n\t\t\t\t<div class=\"elementor-element elementor-element-8b73aed elementor-widget elementor-widget-heading\" data-id=\"8b73aed\" data-element_type=\"widget\" data-e-type=\"widget\" data-widget_type=\"heading.default\">\n\t\t\t\t<div class=\"elementor-widget-container\">\n\t\t\t\t\t<h2 class=\"elementor-heading-title elementor-size-default\">(19) 3628-7018<br>\n(19) 99464-7567\n<br><br>\nbellastillos@hotmail.com\n<br><br>\nRua do N\u00edquel, 920 - Mollon, Santa B\u00e1rbara d\u2019Oeste\/SP<\/h2>\t\t\t\t<\/div>\n\t\t\t\t<\/div>\n\t\t\t\t<div class=\"elementor-element elementor-element-8444978 elementor-widget elementor-widget-google_maps\" data-id=\"8444978\" data-element_type=\"widget\" data-e-type=\"widget\" data-widget_type=\"google_maps.default\">\n\t\t\t\t<div class=\"elementor-widget-container\">\n\t\t\t\t\t\t\t<div class=\"elementor-custom-embed\">\n\t\t\t<iframe loading=\"lazy\"\n\t\t\t\t\tsrc=\"https:\/\/maps.google.com\/maps?q=Tape%C3%A7aria%20Bella%20Stillos&#038;t=m&#038;z=14&#038;output=embed&#038;iwloc=near\"\n\t\t\t\t\ttitle=\"Tape\u00e7aria Bella Stillos\"\n\t\t\t\t\taria-label=\"Tape\u00e7aria Bella Stillos\"\n\t\t\t><\/iframe>\n\t\t<\/div>\n\t\t\t\t\t\t<\/div>\n\t\t\t\t<\/div>\n\t\t\t\t<\/div>\n\t\t<div class=\"elementor-element elementor-element-3f6b367 e-con-full e-flex e-con e-child\" data-id=\"3f6b367\" data-element_type=\"container\" data-e-type=\"container\">\n\t\t\t\t<div class=\"elementor-element elementor-element-10b9ef0 elementor-widget elementor-widget-htmega-contactform-addons\" data-id=\"10b9ef0\" data-element_type=\"widget\" data-e-type=\"widget\" data-widget_type=\"htmega-contactform-addons.default\">\n\t\t\t\t<div class=\"elementor-widget-container\">\n\t\t\t\t\t            <div class=\"htmega-form-wrapper sid10b9ef0 htmega-form-style-6\" >\n                \n<div class=\"wpcf7 no-js\" id=\"wpcf7-f16-o1\" lang=\"pt-BR\" dir=\"ltr\" data-wpcf7-id=\"16\">\n<div class=\"screen-reader-response\"><p role=\"status\" aria-live=\"polite\" aria-atomic=\"true\"><\/p> <ul><\/ul><\/div>\n<form action=\"\/site\/wp-json\/wp\/v2\/pages\/9#wpcf7-f16-o1\" method=\"post\" class=\"wpcf7-form init\" aria-label=\"Formul\u00e1rios de contato\" novalidate=\"novalidate\" data-status=\"init\">\n<fieldset class=\"hidden-fields-container\"><input type=\"hidden\" name=\"_wpcf7\" value=\"16\" \/><input type=\"hidden\" name=\"_wpcf7_version\" value=\"6.1.5\" \/><input type=\"hidden\" name=\"_wpcf7_locale\" value=\"pt_BR\" \/><input type=\"hidden\" name=\"_wpcf7_unit_tag\" value=\"wpcf7-f16-o1\" \/><input type=\"hidden\" name=\"_wpcf7_container_post\" value=\"0\" \/><input type=\"hidden\" name=\"_wpcf7_posted_data_hash\" value=\"\" \/><input type=\"hidden\" name=\"_wpcf7_recaptcha_response\" value=\"\" \/>\n<\/fieldset>\n<p><span class=\"wpcf7-form-control-wrap\" data-name=\"nome\"><input size=\"40\" maxlength=\"400\" class=\"wpcf7-form-control wpcf7-text wpcf7-validates-as-required\" aria-required=\"true\" aria-invalid=\"false\" placeholder=\"Nome:*\" value=\"\" type=\"text\" name=\"nome\" \/><\/span><br \/>\n<span class=\"wpcf7-form-control-wrap\" data-name=\"telefone\"><input size=\"40\" maxlength=\"400\" class=\"wpcf7-form-control wpcf7-text\" aria-invalid=\"false\" placeholder=\"Telefone c\/ DDD:\" value=\"\" type=\"text\" name=\"telefone\" \/><\/span><br \/>\n<span class=\"wpcf7-form-control-wrap\" data-name=\"empresa\"><input size=\"40\" maxlength=\"400\" class=\"wpcf7-form-control wpcf7-text wpcf7-validates-as-required\" aria-required=\"true\" aria-invalid=\"false\" placeholder=\"Empresa:*\" value=\"\" type=\"text\" name=\"empresa\" \/><\/span><br \/>\n<span class=\"wpcf7-form-control-wrap\" data-name=\"email\"><input size=\"40\" maxlength=\"400\" class=\"wpcf7-form-control wpcf7-email wpcf7-validates-as-required wpcf7-text wpcf7-validates-as-email\" aria-required=\"true\" aria-invalid=\"false\" placeholder=\"E-mail:*\" value=\"\" type=\"email\" name=\"email\" \/><\/span><br \/>\n<span class=\"wpcf7-form-control-wrap\" data-name=\"mensagem\"><textarea cols=\"40\" rows=\"10\" maxlength=\"2000\" class=\"wpcf7-form-control wpcf7-textarea\" aria-invalid=\"false\" placeholder=\"Mensagem:\" name=\"mensagem\"><\/textarea><\/span>\n<\/p>\n<p>Estou de acordo em fornecer os dados acima para que a <b>Bella Stillos<\/b> entre em contato comigo, ciente de que esses dados ser\u00e3o utilizados pelas \u00e1reas de Marketing e Comercial para o envio de e-mails.\n<\/p>\n<p><span class=\"wpcf7-form-control-wrap\" data-name=\"aceite-lgpd\"><select class=\"wpcf7-form-control wpcf7-select wpcf7-validates-as-required\" aria-required=\"true\" aria-invalid=\"false\" name=\"aceite-lgpd\"><option value=\"Sim\">Sim<\/option><option value=\"N\u00e3o\">N\u00e3o<\/option><\/select><\/span>\n<\/p>\n<p><input class=\"wpcf7-form-control wpcf7-submit has-spinner\" type=\"submit\" value=\"Enviar\" \/>\n<\/p><div class=\"wpcf7-response-output\" aria-hidden=\"true\"><\/div>\n<\/form>\n<\/div>\n            <\/div>\n\n\n        \t\t\t\t<\/div>\n\t\t\t\t<\/div>\n\t\t\t\t<\/div>\n\t\t\t\t\t<\/div>\n\t\t\t\t<\/div>\n\t\t\t\t<\/div>\n\t\t","protected":false},"excerpt":{"rendered":"<p>(19) 3628-7018 (19) 99464-7567 bellastillos@hotmail.com Rua do N\u00edquel, 920 &#8211; Mollon, Santa B\u00e1rbara d\u2019Oeste\/SP Estou de acordo em fornecer os dados acima para que a Bella Stillos entre em contato comigo, ciente de que esses dados ser\u00e3o utilizados pelas \u00e1reas de Marketing e Comercial para o envio de e-mails. SimN\u00e3o<\/p>\n","protected":false},"author":1,"featured_media":0,"parent":0,"menu_order":0,"comment_status":"closed","ping_status":"closed","template":"elementor_canvas","meta":{"inline_featured_image":false,"footnotes":""},"class_list":["post-9","page","type-page","status-publish","hentry"],"yoast_head":"<!-- This site is optimized with the Yoast SEO plugin v27.4 - https:\/\/yoast.com\/product\/yoast-seo-wordpress\/ -->\n<title>Tape\u00e7aria Bella Stillos | Contato<\/title>\n<meta name=\"description\" content=\"Localizada na Rua do N\u00edquel, 920 no bairro Mollon em Santa B\u00e1rbara d&#039;Oeste, a Bella Stillos \u00e9 refer\u00eancia quando o assunto \u00e9 Estofados.\" \/>\n<meta name=\"robots\" content=\"index, follow, max-snippet:-1, max-image-preview:large, max-video-preview:-1\" \/>\n<link rel=\"canonical\" href=\"https:\/\/bellastillos.com.br\/site\/\" \/>\n<meta property=\"og:locale\" content=\"pt_BR\" \/>\n<meta property=\"og:type\" content=\"article\" \/>\n<meta property=\"og:title\" content=\"Tape\u00e7aria Bella Stillos | Contato\" \/>\n<meta property=\"og:description\" content=\"Localizada na Rua do N\u00edquel, 920 no bairro Mollon em Santa B\u00e1rbara d&#039;Oeste, a Bella Stillos \u00e9 refer\u00eancia quando o assunto \u00e9 Estofados.\" \/>\n<meta property=\"og:url\" content=\"https:\/\/bellastillos.com.br\/site\/\" \/>\n<meta property=\"og:site_name\" content=\"Bella Stillos\" \/>\n<meta property=\"article:modified_time\" content=\"2024-01-26T18:20:50+00:00\" \/>\n<meta property=\"og:image\" content=\"https:\/\/bellastillos.com.br\/site\/wp-content\/uploads\/2024\/01\/logo-1-tapecaria-bella-stillos.png\" \/>\n<meta name=\"twitter:card\" content=\"summary_large_image\" \/>\n<meta name=\"twitter:label1\" content=\"Est. tempo de leitura\" \/>\n\t<meta name=\"twitter:data1\" content=\"1 minuto\" \/>\n<script type=\"application\/ld+json\" class=\"yoast-schema-graph\">{\"@context\":\"https:\\\/\\\/schema.org\",\"@graph\":[{\"@type\":\"WebPage\",\"@id\":\"https:\\\/\\\/bellastillos.com.br\\\/site\\\/\",\"url\":\"https:\\\/\\\/bellastillos.com.br\\\/site\\\/\",\"name\":\"Tape\u00e7aria Bella Stillos | Contato\",\"isPartOf\":{\"@id\":\"https:\\\/\\\/bellastillos.com.br\\\/site\\\/#website\"},\"primaryImageOfPage\":{\"@id\":\"https:\\\/\\\/bellastillos.com.br\\\/site\\\/#primaryimage\"},\"image\":{\"@id\":\"https:\\\/\\\/bellastillos.com.br\\\/site\\\/#primaryimage\"},\"thumbnailUrl\":\"https:\\\/\\\/bellastillos.com.br\\\/site\\\/wp-content\\\/uploads\\\/2024\\\/01\\\/logo-1-tapecaria-bella-stillos.png\",\"datePublished\":\"2023-08-23T19:04:32+00:00\",\"dateModified\":\"2024-01-26T18:20:50+00:00\",\"description\":\"Localizada na Rua do N\u00edquel, 920 no bairro Mollon em Santa B\u00e1rbara d'Oeste, a Bella Stillos \u00e9 refer\u00eancia quando o assunto \u00e9 Estofados.\",\"breadcrumb\":{\"@id\":\"https:\\\/\\\/bellastillos.com.br\\\/site\\\/#breadcrumb\"},\"inLanguage\":\"pt-BR\",\"potentialAction\":[{\"@type\":\"ReadAction\",\"target\":[\"https:\\\/\\\/bellastillos.com.br\\\/site\\\/\"]}]},{\"@type\":\"ImageObject\",\"inLanguage\":\"pt-BR\",\"@id\":\"https:\\\/\\\/bellastillos.com.br\\\/site\\\/#primaryimage\",\"url\":\"https:\\\/\\\/bellastillos.com.br\\\/site\\\/wp-content\\\/uploads\\\/2024\\\/01\\\/logo-1-tapecaria-bella-stillos.png\",\"contentUrl\":\"https:\\\/\\\/bellastillos.com.br\\\/site\\\/wp-content\\\/uploads\\\/2024\\\/01\\\/logo-1-tapecaria-bella-stillos.png\",\"width\":643,\"height\":171},{\"@type\":\"BreadcrumbList\",\"@id\":\"https:\\\/\\\/bellastillos.com.br\\\/site\\\/#breadcrumb\",\"itemListElement\":[{\"@type\":\"ListItem\",\"position\":1,\"name\":\"In\u00edcio\",\"item\":\"https:\\\/\\\/bellastillos.com.br\\\/site\\\/\"},{\"@type\":\"ListItem\",\"position\":2,\"name\":\"Contato\"}]},{\"@type\":\"WebSite\",\"@id\":\"https:\\\/\\\/bellastillos.com.br\\\/site\\\/#website\",\"url\":\"https:\\\/\\\/bellastillos.com.br\\\/site\\\/\",\"name\":\"Bella Stillos\",\"description\":\"\",\"potentialAction\":[{\"@type\":\"SearchAction\",\"target\":{\"@type\":\"EntryPoint\",\"urlTemplate\":\"https:\\\/\\\/bellastillos.com.br\\\/site\\\/?s={search_term_string}\"},\"query-input\":{\"@type\":\"PropertyValueSpecification\",\"valueRequired\":true,\"valueName\":\"search_term_string\"}}],\"inLanguage\":\"pt-BR\"}]}<\/script>\n<!-- \/ Yoast SEO plugin. -->","yoast_head_json":{"title":"Tape\u00e7aria Bella Stillos | Contato","description":"Localizada na Rua do N\u00edquel, 920 no bairro Mollon em Santa B\u00e1rbara d'Oeste, a Bella Stillos \u00e9 refer\u00eancia quando o assunto \u00e9 Estofados.","robots":{"index":"index","follow":"follow","max-snippet":"max-snippet:-1","max-image-preview":"max-image-preview:large","max-video-preview":"max-video-preview:-1"},"canonical":"https:\/\/bellastillos.com.br\/site\/","og_locale":"pt_BR","og_type":"article","og_title":"Tape\u00e7aria Bella Stillos | Contato","og_description":"Localizada na Rua do N\u00edquel, 920 no bairro Mollon em Santa B\u00e1rbara d'Oeste, a Bella Stillos \u00e9 refer\u00eancia quando o assunto \u00e9 Estofados.","og_url":"https:\/\/bellastillos.com.br\/site\/","og_site_name":"Bella Stillos","article_modified_time":"2024-01-26T18:20:50+00:00","og_image":[{"url":"https:\/\/bellastillos.com.br\/site\/wp-content\/uploads\/2024\/01\/logo-1-tapecaria-bella-stillos.png","type":"","width":"","height":""}],"twitter_card":"summary_large_image","twitter_misc":{"Est. tempo de leitura":"1 minuto"},"schema":{"@context":"https:\/\/schema.org","@graph":[{"@type":"WebPage","@id":"https:\/\/bellastillos.com.br\/site\/","url":"https:\/\/bellastillos.com.br\/site\/","name":"Tape\u00e7aria Bella Stillos | Contato","isPartOf":{"@id":"https:\/\/bellastillos.com.br\/site\/#website"},"primaryImageOfPage":{"@id":"https:\/\/bellastillos.com.br\/site\/#primaryimage"},"image":{"@id":"https:\/\/bellastillos.com.br\/site\/#primaryimage"},"thumbnailUrl":"https:\/\/bellastillos.com.br\/site\/wp-content\/uploads\/2024\/01\/logo-1-tapecaria-bella-stillos.png","datePublished":"2023-08-23T19:04:32+00:00","dateModified":"2024-01-26T18:20:50+00:00","description":"Localizada na Rua do N\u00edquel, 920 no bairro Mollon em Santa B\u00e1rbara d'Oeste, a Bella Stillos \u00e9 refer\u00eancia quando o assunto \u00e9 Estofados.","breadcrumb":{"@id":"https:\/\/bellastillos.com.br\/site\/#breadcrumb"},"inLanguage":"pt-BR","potentialAction":[{"@type":"ReadAction","target":["https:\/\/bellastillos.com.br\/site\/"]}]},{"@type":"ImageObject","inLanguage":"pt-BR","@id":"https:\/\/bellastillos.com.br\/site\/#primaryimage","url":"https:\/\/bellastillos.com.br\/site\/wp-content\/uploads\/2024\/01\/logo-1-tapecaria-bella-stillos.png","contentUrl":"https:\/\/bellastillos.com.br\/site\/wp-content\/uploads\/2024\/01\/logo-1-tapecaria-bella-stillos.png","width":643,"height":171},{"@type":"BreadcrumbList","@id":"https:\/\/bellastillos.com.br\/site\/#breadcrumb","itemListElement":[{"@type":"ListItem","position":1,"name":"In\u00edcio","item":"https:\/\/bellastillos.com.br\/site\/"},{"@type":"ListItem","position":2,"name":"Contato"}]},{"@type":"WebSite","@id":"https:\/\/bellastillos.com.br\/site\/#website","url":"https:\/\/bellastillos.com.br\/site\/","name":"Bella Stillos","description":"","potentialAction":[{"@type":"SearchAction","target":{"@type":"EntryPoint","urlTemplate":"https:\/\/bellastillos.com.br\/site\/?s={search_term_string}"},"query-input":{"@type":"PropertyValueSpecification","valueRequired":true,"valueName":"search_term_string"}}],"inLanguage":"pt-BR"}]}},"_links":{"self":[{"href":"https:\/\/bellastillos.com.br\/site\/wp-json\/wp\/v2\/pages\/9","targetHints":{"allow":["GET"]}}],"collection":[{"href":"https:\/\/bellastillos.com.br\/site\/wp-json\/wp\/v2\/pages"}],"about":[{"href":"https:\/\/bellastillos.com.br\/site\/wp-json\/wp\/v2\/types\/page"}],"author":[{"embeddable":true,"href":"https:\/\/bellastillos.com.br\/site\/wp-json\/wp\/v2\/users\/1"}],"replies":[{"embeddable":true,"href":"https:\/\/bellastillos.com.br\/site\/wp-json\/wp\/v2\/comments?post=9"}],"version-history":[{"count":32,"href":"https:\/\/bellastillos.com.br\/site\/wp-json\/wp\/v2\/pages\/9\/revisions"}],"predecessor-version":[{"id":54,"href":"https:\/\/bellastillos.com.br\/site\/wp-json\/wp\/v2\/pages\/9\/revisions\/54"}],"wp:attachment":[{"href":"https:\/\/bellastillos.com.br\/site\/wp-json\/wp\/v2\/media?parent=9"}],"curies":[{"name":"wp","href":"https:\/\/api.w.org\/{rel}","templated":true}]}}